{"id":13,"date":"2021-01-03T01:08:34","date_gmt":"2021-01-03T00:08:34","guid":{"rendered":"https:\/\/next-moonshot.com\/Wordpress\/?page_id=13"},"modified":"2021-01-03T01:39:36","modified_gmt":"2021-01-03T00:39:36","slug":"startseite","status":"publish","type":"page","link":"https:\/\/next-moonshot.com\/","title":{"rendered":"\u201eI believe we should go to the moon\u201c"},"content":{"rendered":"\r\n<p>This statement by JF Kennedy in 1961 led to an unprecedented cycle of innovation, the success of which is still effective today. During the Apollo moon flights from 1961 to 1972, almost 400,000 people were employed in the US alone to get astronauts safely to the moon and back.<\/p>\r\n<p>This innovation and transformation phase has not yet been completed. The effects are noticeable in engineering services, in organizational and information processes or in the methods of data analysis. The foundations of artificial intelligence were also laid back then. Apollo is omnipresent. Even in our language, we use expressions like \u201cthis is the next moonshot\u201d or \u201cthis is like rocket science\u201d. We are expressing to this day that the first flights to the moon were obviously of fundamental importance and required great efforts.<\/p>\r\n<p>The idea of \u200b\u200blanding on the moon became a reality through ubiquitous communication at that time. Many campaigns have contributed to the enthusiasm of society, companies, consumers, employees and partners. Communication was a decisive success factor.<\/p>\r\n<p>This is the start of the Training Camp for the Next Moonshot (T.C.N.M.)<\/p>\r\n<p>We want to get fit and develop the enthusiasm factors of Moonshots for the current challenges in the next few weeks. What can we learn, what should we improve and who do we need to involve. The training camp is the beginning of an open learning, participation and exchange forum.<\/p>\r\n<p>The journey starts.<\/p>\r\n<p>Stay tuned. The next instructions follow.<\/p>\r\n<p><br \/>Tino Kyre<\/p>\r\n<p><br \/>Member of the T.C.N.M. team<\/p>\r\n<p>&nbsp;<\/p>\r\n<hr \/>\r\n<p>&nbsp;<\/p>\r\n<p>Diese Aussage von JF Kennedy 1961 hat zu einem nie da gewesenem Innovationszyklus gef\u00fchrt, dessen Erfolge auch heute noch wirken. In der Zeit der Apollo Mondfl\u00fcge von 1961 bis1972 waren alleine in den USA nahezu 400.000 Menschen besch\u00e4ftigt, um Astronauten sicher auf den Mond und zur\u00fcck zu bringen.<\/p>\r\n<p>Diese Innovations- und Transformations-Phase ist noch nicht abgeschlossen. Die Auswirkungen sind sowohl sp\u00fcrbar bei Ingenieurleistungen, bei Organisations- und Informationsprozessen oder bei den Methoden zur Datenanalyse. Ebenso wurden die Grundlagen der K\u00fcnstlichen Intelligenz damals gelegt. Apollo ist allgegenw\u00e4rtig. Selbst in unserer Sprache nutzen wir Ausdr\u00fccke wie \u201edas wird der n\u00e4chste Moonshot\u201c oder \u201edas ist wie Raketenwissenschaft\u201c. Wir dr\u00fccken damit heute noch aus, dass die ersten Mondfl\u00fcge offensichtlich von fundamentaler Bedeutung waren und gro\u00dfen Anstrengungen bedurften.<\/p>\r\n<p>Die Idee zur Mondlandung ist damals durch eine allgegenw\u00e4rtige Kommunikation Realit\u00e4t geworden. Viele Kampagnen haben zur Begeisterung von Gesellschaft, den Unternehmen, der Konsumenten, der Mitarbeiter und Partnern beigetragen. Kommunikation war entscheidender Erfolgsfaktor.<\/p>\r\n<p>Das ist der Start f\u00fcr das Training Camp for the Next Moonshot (T.C.N.M.)<\/p>\r\n<p>Wir wollen uns fit machen und in den n\u00e4chsten Wochen die Begeisterungsfaktoren von Moonshots f\u00fcr die aktuellen Herausforderungen erarbeiten. Was k\u00f6nnen wir lernen, was sollten wir verbessern und wen m\u00fcssen wir einbinden. Das Trainingscamp ist der Beginn eines offenen Lern-, Mitmach- und Austausch-Formats.<\/p>\r\n<p>Die Reise beginnt.<\/p>\r\n<p>Bleibt dran. Die n\u00e4chsten Anweisungen folgen.<\/p>\r\n<p><br \/>Tino Kyre<\/p>\r\n<p><br \/>Mitglied des T.C.N.M. Team<\/p>\r\n<p>&nbsp;<\/p>\r\n","protected":false},"excerpt":{"rendered":"<p>This statement by JF Kennedy in 1961 led to an unprecedented cycle of innovation, the success of which is still effective today. During the Apollo moon flights from 1961 to 1972, almost 400,000 people were employed in the US alone to get astronauts safely to the moon and back. This innovation and transformation phase has &hellip; <\/p>\n<p class=\"link-more\"><a href=\"https:\/\/next-moonshot.com\/\" class=\"more-link\"><span class=\"screen-reader-text\">\u201e\u201eI believe we should go to the moon\u201c\u201c<\/span> weiterlesen<\/a><\/p>\n","protected":false},"author":1,"featured_media":0,"parent":0,"menu_order":0,"comment_status":"closed","ping_status":"closed","template":"","meta":{"footnotes":""},"class_list":["post-13","page","type-page","status-publish","hentry"],"_links":{"self":[{"href":"https:\/\/next-moonshot.com\/index.php?rest_route=\/wp\/v2\/pages\/13","targetHints":{"allow":["GET"]}}],"collection":[{"href":"https:\/\/next-moonshot.com\/index.php?rest_route=\/wp\/v2\/pages"}],"about":[{"href":"https:\/\/next-moonshot.com\/index.php?rest_route=\/wp\/v2\/types\/page"}],"author":[{"embeddable":true,"href":"https:\/\/next-moonshot.com\/index.php?rest_route=\/wp\/v2\/users\/1"}],"replies":[{"embeddable":true,"href":"https:\/\/next-moonshot.com\/index.php?rest_route=%2Fwp%2Fv2%2Fcomments&post=13"}],"version-history":[{"count":3,"href":"https:\/\/next-moonshot.com\/index.php?rest_route=\/wp\/v2\/pages\/13\/revisions"}],"predecessor-version":[{"id":42,"href":"https:\/\/next-moonshot.com\/index.php?rest_route=\/wp\/v2\/pages\/13\/revisions\/42"}],"wp:attachment":[{"href":"https:\/\/next-moonshot.com\/index.php?rest_route=%2Fwp%2Fv2%2Fmedia&parent=13"}],"curies":[{"name":"wp","href":"https:\/\/api.w.org\/{rel}","templated":true}]}}